{"id":18,"date":"2024-06-25T04:55:27","date_gmt":"2024-06-25T04:55:27","guid":{"rendered":"https:\/\/dmn.bow.mybluehost.me\/about-2\/"},"modified":"2025-07-16T01:46:12","modified_gmt":"2025-07-16T01:46:12","slug":"about-2","status":"publish","type":"page","link":"https:\/\/colibriaba.com\/es\/about-2\/","title":{"rendered":"Sobre Nosotras"},"content":{"rendered":"<div class=\"nfd-gap-lg wp-block-group is-vertical is-content-justification-center is-layout-flex wp-container-core-group-is-layout-fa38c63a wp-block-group-is-layout-flex\">\n<p class=\"nfd-text-sm has-text-align-center\" style=\"font-style:normal;font-weight:500;letter-spacing:0.05em;text-transform:uppercase\"><strong>Acerca de<\/strong><\/p>\n\n\n\n<h2 class=\"wp-block-heading nfd-text-huge nfd-text-primary nfd-text-balance has-text-align-center\">Colibri Behavioral Therapy<\/h2>\n\n\n\n<p class=\"nfd-text-md nfd-text-balance nfd-text-faded has-text-align-center\">Nos especializamos en apoyar a personas neurodivergentes y a sus familias mediante una atenci\u00f3n compasiva y personalizada. Nuestro objetivo es simple: ayudar a cada persona a desarrollar habilidades significativas, ganar confianza y prosperar en su vida diaria.<\/p>\n\n\n\n<p class=\"nfd-text-md nfd-text-balance nfd-text-faded has-text-align-center\">Nos centramos en estrategias conductuales basadas en la evidencia que marcan una diferencia real, en casa, en la escuela y en la comunidad. Nuestro equipo experimentado trabaja en estrecha colaboraci\u00f3n con las familias para crear planes individualizados que se adaptan a las necesidades y objetivos \u00fanicos de cada persona.<\/p>\n\n\n\n<p class=\"nfd-text-md nfd-text-balance nfd-text-faded has-text-align-center\">Ya sea que su hijo acaba de recibir un diagn\u00f3stico o que busca apoyo adicional, estamos aqu\u00ed para ayudarle en cada paso del camino. Desde la primera infancia hasta la edad adulta, nuestros servicios se adaptan a cada etapa de su desarrollo.<\/p>\n\n\n\n<p class=\"nfd-text-md nfd-text-balance nfd-text-faded has-text-align-center\">En Colibri, creemos en las posibilidades. Creemos en el crecimiento. Y sobre todo, creemos en ti.<\/p>\n<\/div>\n\n\n\n<div style=\"height:100px\" aria-hidden=\"true\" class=\"wp-block-spacer\"><\/div>\n\n\n\n<div class=\"alignfull wp-block-group is-content-justification-center is-layout-constrained wp-container-core-group-is-layout-df757ecc wp-block-group-is-layout-constrained\" style=\"margin-top:0;margin-bottom:0;padding-top:calc( 0.5 * var(--wp--style--root--padding-right, var(--wp--custom--gap--horizontal)));padding-right:var(--wp--style--root--padding-right, var(--wp--custom--gap--horizontal));padding-bottom:calc( 0.5 * var(--wp--style--root--padding-right, var(--wp--custom--gap--horizontal)));padding-left:var(--wp--style--root--padding-left, var(--wp--custom--gap--horizontal))\">\n<div style=\"height:calc( 0.25 * var(--wp--style--root--padding-right, var(--wp--custom--gap--horizontal)))\" aria-hidden=\"true\" class=\"wp-block-spacer\"><\/div>\n\n\n\n<div class=\"wp-block-columns alignwide are-vertically-aligned-center is-layout-flex wp-container-core-columns-is-layout-7fc3d43a wp-block-columns-is-layout-flex\">\n<div class=\"wp-block-column is-vertically-aligned-center is-layout-flow wp-block-column-is-layout-flow\">\n<figure class=\"wp-block-image size-full\"><img data-recalc-dims=\"1\" decoding=\"async\" src=\"https:\/\/i0.wp.com\/dmn.bow.mybluehost.me\/wp-content\/uploads\/2024\/06\/windows-hNiNxhUfCfQ-unsplash.jpg?ssl=1\" alt=\"\" class=\"wp-image-35\" style=\"aspect-ratio:1;object-fit:cover\"\/><\/figure>\n<\/div>\n\n\n\n<div class=\"wp-block-column is-vertically-aligned-center is-layout-flow wp-block-column-is-layout-flow\">\n<h2 class=\"wp-block-heading alignwide\">Terapia | Apoyo Inclusivo y Compasivo<\/h2>\n\n\n\n<p class=\"\">Conozca m\u00e1s sobre Colibri Behavioral Therapy: nuestra misi\u00f3n, visi\u00f3n y valores. Ofrecemos apoyo conductual personalizado para personas con neurodivergencia y sus familias.<br><br><\/p>\n\n\n\n<div class=\"wp-block-buttons is-layout-flex wp-block-buttons-is-layout-flex\">\n<div class=\"wp-block-button\"><a class=\"wp-block-button__link wp-element-button\">Con\u00f3cenos<\/a><\/div>\n<\/div>\n<\/div>\n<\/div>\n\n\n\n<div style=\"height:calc( 0.25 * var(--wp--style--root--padding-right, var(--wp--custom--gap--horizontal)))\" aria-hidden=\"true\" class=\"wp-block-spacer\"><\/div>\n<\/div>\n\n\n\n<div style=\"height:100px\" aria-hidden=\"true\" class=\"wp-block-spacer\"><\/div>\n\n\n\n<div class=\"nfd-my-0 nfd-py-md nfd-container wp-block-group alignwide has-black-color has-white-background-color has-text-color has-background is-layout-flow wp-container-core-group-is-layout-330ce275 wp-block-group-is-layout-flow\" id=\"area-of-practice\">\n<h1 class=\"wp-block-heading has-text-align-center\"><strong>Nuestra Fundaci\u00f3n: Misi\u00f3n, Visi\u00f3n y Valores<\/strong><\/h1>\n\n\n\n<p class=\"nfd-text-balance nfd-text-faded has-text-align-center\">En Colibri Behavioral Therapy, todo lo que hacemos se gu\u00eda por un profundo compromiso con la comunidad neurodivergente. Nuestra misi\u00f3n, visi\u00f3n y valores fundamentales reflejan nuestra pasi\u00f3n por brindar una atenci\u00f3n personalizada y de apoyo que empodere a personas de todas las edades a alcanzar su m\u00e1ximo potencial.<\/p>\n\n\n\n<h2 class=\"wp-block-heading has-text-align-center translation-block\">Nuestra Misi\u00f3n<\/h2>\n\n\n\n<p class=\"nfd-text-balance nfd-text-faded has-text-align-center\">Brindar terapia conductual compasiva, basada en la evidencia y adaptada a las necesidades \u00fanicas de las personas neurodivergentes. Nuestro objetivo es ayudar a nuestros clientes a desarrollar habilidades significativas, ganar confianza y prosperar en la vida diaria.<\/p>\n\n\n\n<h2 class=\"wp-block-heading has-text-align-center\">Our Vision<\/h2>\n\n\n\n<p class=\"nfd-text-balance nfd-text-faded has-text-align-center\">Un mundo donde las personas neurodivergentes sean plenamente comprendidas, aceptadas y apoyadas para llevar una vida plena y plena. Imaginamos comunidades inclusivas donde cada persona pueda crecer con dignidad, independencia y alegr\u00eda.<\/p>\n\n\n\n<h2 class=\"wp-block-heading has-text-align-center\">Nuestros Valores<\/h2>\n\n\n\n<div class=\"nfd-text-base nfd-gap-xl wp-block-columns is-layout-flex wp-container-core-columns-is-layout-28f84493 wp-block-columns-is-layout-flex\">\n<div class=\"wp-block-column is-layout-flow wp-block-column-is-layout-flow\">\n<div class=\"nfd-shadow-xs nfd-p-card-square nfd-rounded nfd-gap-md nfd-bg-surface nfd-theme-white is-style-nfd-theme-white wp-block-group nfd-bg-effect-grid-3 is-vertical is-content-justification-left is-layout-flex wp-container-core-group-is-layout-dd225191 wp-block-group-is-layout-flex\" style=\"border-width:1px\">\n<p class=\"nfd-text-xl nfd-text-primary nfd-text-balance has-text-align-left\" style=\"font-style:normal;font-weight:300;letter-spacing:2px\">Inclusividad<\/p>\n\n\n\n<p class=\"nfd-text-balance nfd-text-faded  has-text-align-left\">Celebramos la neurodiversidad y honramos las fortalezas \u00fanicas de cada persona. Nuestros servicios son acogedores, respetuosos y culturalmente sensibles.<br><\/p>\n<\/div>\n<\/div>\n\n\n\n<div class=\"wp-block-column is-layout-flow wp-block-column-is-layout-flow\">\n<div class=\"nfd-shadow-xs nfd-p-card-square nfd-rounded nfd-gap-md nfd-bg-surface nfd-theme-white is-style-nfd-theme-white wp-block-group nfd-bg-effect-grid-3 is-vertical is-content-justification-left is-layout-flex wp-container-core-group-is-layout-dd225191 wp-block-group-is-layout-flex\" style=\"border-width:1px\">\n<p class=\"nfd-text-xl nfd-text-primary nfd-text-balance has-text-align-left\" style=\"font-style:normal;font-weight:300;letter-spacing:2px\">Soporte personalizado<\/p>\n\n\n\n<p class=\"nfd-text-balance nfd-text-faded  has-text-align-left\">Cada persona es diferente. Dise\u00f1amos estrategias personalizadas, no universales.<br><\/p>\n<\/div>\n<\/div>\n\n\n\n<div class=\"wp-block-column is-layout-flow wp-block-column-is-layout-flow\">\n<div class=\"nfd-shadow-xs nfd-p-card-square nfd-rounded nfd-gap-md nfd-bg-surface nfd-theme-white is-style-nfd-theme-white wp-block-group nfd-bg-effect-grid-3 is-vertical is-content-justification-left is-layout-flex wp-container-core-group-is-layout-dd225191 wp-block-group-is-layout-flex\" style=\"border-width:1px\">\n<p class=\"nfd-text-xl nfd-text-primary nfd-text-balance has-text-align-left\" style=\"font-style:normal;font-weight:300;letter-spacing:2px\">Colaboraci\u00f3n<\/p>\n\n\n\n<p class=\"nfd-text-balance nfd-text-faded  has-text-align-left\">Trabajamos en estrecha colaboraci\u00f3n con familias, cuidadores y comunidades para construir redes de apoyo s\u00f3lidas.<br><\/p>\n<\/div>\n<\/div>\n<\/div>\n\n\n\n<div class=\"nfd-text-base nfd-gap-xl wp-block-columns is-layout-flex wp-container-core-columns-is-layout-28f84493 wp-block-columns-is-layout-flex\">\n<div class=\"wp-block-column is-layout-flow wp-block-column-is-layout-flow\">\n<div class=\"nfd-shadow-xs nfd-p-card-square nfd-rounded nfd-gap-md nfd-bg-surface nfd-theme-white is-style-nfd-theme-white wp-block-group nfd-bg-effect-grid-3 is-vertical is-content-justification-left is-layout-flex wp-container-core-group-is-layout-dd225191 wp-block-group-is-layout-flex\" style=\"border-width:1px\">\n<p class=\"nfd-text-xl nfd-text-primary nfd-text-balance has-text-align-left\" style=\"font-style:normal;font-weight:300;letter-spacing:2px\">Empoderamiento<\/p>\n\n\n\n<p class=\"nfd-text-balance nfd-text-faded  has-text-align-left\">Apoyamos a las personas en el desarrollo de las habilidades que conducen a la autonom\u00eda y el bienestar.<\/p>\n\n\n\n<p class=\"nfd-text-balance nfd-text-faded  has-text-align-left\"><br><\/p>\n<\/div>\n<\/div>\n\n\n\n<div class=\"wp-block-column is-layout-flow wp-block-column-is-layout-flow\">\n<div class=\"nfd-shadow-xs nfd-p-card-square nfd-rounded nfd-gap-md nfd-bg-surface nfd-theme-white is-style-nfd-theme-white wp-block-group nfd-bg-effect-grid-3 is-vertical is-content-justification-left is-layout-flex wp-container-core-group-is-layout-dd225191 wp-block-group-is-layout-flex\" style=\"border-width:1px\">\n<p class=\"nfd-text-xl nfd-text-primary nfd-text-balance has-text-align-left\" style=\"font-style:normal;font-weight:300;letter-spacing:2px\">Integridad y compasi\u00f3n<\/p>\n\n\n\n<p class=\"nfd-text-balance nfd-text-faded  has-text-align-left\">Nuestro trabajo se basa en una atenci\u00f3n \u00e9tica y respetuosa que siempre pone al individuo en primer lugar.<\/p>\n<\/div>\n<\/div>\n<\/div>\n<\/div>\n\n\n\n<div class=\"wp-block-group alignwide is-layout-constrained wp-block-group-is-layout-constrained\">\n<div class=\"nfd-my-0 nfd-py-md nfd-container wp-block-group alignwide has-black-color has-white-background-color has-text-color has-background is-layout-flow wp-container-core-group-is-layout-330ce275 wp-block-group-is-layout-flow\" id=\"area-of-practice\">\n<h1 class=\"wp-block-heading alignwide has-text-align-center\"><br><strong>Certificaciones y credenciales<\/strong><\/h1>\n\n\n\n<p class=\"nfd-text-balance nfd-text-faded has-text-align-center\">En Colibri Behavioral Therapy, nos enorgullecemos de cumplir con los m\u00e1s altos est\u00e1ndares de \u00e9tica y profesionalismo. Nuestro equipo est\u00e1 compuesto por profesionales certificados con amplia formaci\u00f3n en ciencias del comportamiento y apoyo a la neurodiversidad.<\/p>\n<\/div>\n\n\n\n<div class=\"nfd-container nfd-p-lg nfd-theme-white nfd-bg-surface nfd-wb-team__team-3 is-style-nfd-theme-white wp-block-group is-layout-constrained wp-block-group-is-layout-constrained\">\n<div class=\"nfd-gap-y-2xl wp-block-columns are-vertically-aligned-top is-layout-flex wp-container-core-columns-is-layout-12beab2d wp-block-columns-is-layout-flex\">\n<div class=\"wp-block-column is-vertically-aligned-top is-layout-flow wp-container-core-column-is-layout-22223934 wp-block-column-is-layout-flow\">\n<div class=\"nfd-gap-0 wp-block-group is-vertical is-content-justification-stretch is-layout-flex wp-container-core-group-is-layout-353c4f5a wp-block-group-is-layout-flex\">\n<p class=\"nfd-text-md has-text-align-center\"><strong>Analista de Comportamiento Certificado por la junta (BCBA)<\/strong><\/p>\n\n\n\n<p class=\"nfd-text-base nfd-text-faded has-text-align-center\">Profesionales acreditados y capacitados en an\u00e1lisis del comportamiento y pr\u00e1ctica \u00e9tica.<\/p>\n<\/div>\n<\/div>\n\n\n\n<div class=\"wp-block-column is-vertically-aligned-top is-layout-flow wp-container-core-column-is-layout-22223934 wp-block-column-is-layout-flow\">\n<div class=\"nfd-gap-0 wp-block-group is-vertical is-content-justification-stretch is-layout-flex wp-container-core-group-is-layout-353c4f5a wp-block-group-is-layout-flex\">\n<p class=\"nfd-text-md has-text-align-center\"><strong>T\u00e9cnico de Comportamiento Registrado (RBT)\u00ae<\/strong><\/p>\n\n\n\n<p class=\"nfd-text-base nfd-text-faded has-text-align-center\">Miembros del equipo con experiencia pr\u00e1ctica en la implementaci\u00f3n de planes de comportamiento bajo la supervisi\u00f3n de BCBA.<br><\/p>\n<\/div>\n<\/div>\n\n\n\n<div class=\"wp-block-column is-vertically-aligned-top is-layout-flow wp-container-core-column-is-layout-22223934 wp-block-column-is-layout-flow\">\n<div class=\"nfd-gap-0 wp-block-group is-vertical is-content-justification-stretch is-layout-flex wp-container-core-group-is-layout-353c4f5a wp-block-group-is-layout-flex\">\n<p class=\"nfd-text-md has-text-align-center\"><strong>Especialista Certificada en Autismo<\/strong><\/p>\n\n\n\n<p class=\"nfd-text-base nfd-text-faded has-text-align-center\">Capacitaci\u00f3n y experiencia adicional en apoyo a personas del espectro autista.<br><\/p>\n<\/div>\n<\/div>\n\n\n\n<div class=\"wp-block-column is-vertically-aligned-top is-layout-flow wp-container-core-column-is-layout-22223934 wp-block-column-is-layout-flow\">\n<div class=\"nfd-gap-0 wp-block-group is-vertical is-content-justification-stretch is-layout-flex wp-container-core-group-is-layout-353c4f5a wp-block-group-is-layout-flex\">\n<p class=\"nfd-text-md has-text-align-center\"><strong>Certificado en RCP y primeros auxilios<\/strong><\/p>\n\n\n\n<p class=\"nfd-text-base nfd-text-faded has-text-align-center\">Personal certificado en seguridad para garantizar el bienestar del cliente en todo momento.<br><\/p>\n<\/div>\n<\/div>\n<\/div>\n<\/div>\n<\/div>\n\n\n\n<div class=\"wp-block-group alignfull is-content-justification-center is-layout-constrained wp-container-core-group-is-layout-df757ecc wp-block-group-is-layout-constrained\" style=\"margin-top:0;margin-bottom:0;padding-top:calc( 0.5 * var(--wp--style--root--padding-right, var(--wp--custom--gap--horizontal)));padding-right:var(--wp--style--root--padding-right, var(--wp--custom--gap--horizontal));padding-bottom:calc( 0.5 * var(--wp--style--root--padding-right, var(--wp--custom--gap--horizontal)));padding-left:var(--wp--style--root--padding-left, var(--wp--custom--gap--horizontal))\">\n<div style=\"height:calc( 0.25 * var(--wp--style--root--padding-right, var(--wp--custom--gap--horizontal)))\" aria-hidden=\"true\" class=\"wp-block-spacer\"><\/div>\n\n\n\n<div class=\"wp-block-columns alignwide are-vertically-aligned-center is-layout-flex wp-container-core-columns-is-layout-7fc3d43a wp-block-columns-is-layout-flex\">\n<div class=\"wp-block-column is-vertically-aligned-center is-layout-flow wp-block-column-is-layout-flow\" style=\"flex-basis:40%\">\n<figure class=\"wp-block-image size-full\"><img data-recalc-dims=\"1\" decoding=\"async\" src=\"https:\/\/i0.wp.com\/dmn.bow.mybluehost.me\/wp-content\/uploads\/2025\/04\/iStock-1441394081.jpg?ssl=1\" alt=\"\" class=\"wp-image-60\"\/><\/figure>\n<\/div>\n\n\n\n<div class=\"wp-block-column is-vertically-aligned-center is-layout-flow wp-block-column-is-layout-flow\" style=\"flex-basis:50%\">\n<h2 class=\"wp-block-heading\">Nuestro Incre\u00edble Equipo<br><\/h2>\n\n\n\n<div class=\"wp-block-group is-layout-flow wp-block-group-is-layout-flow\">\n<p class=\"\">En Colibri Behavioral Therapy, nuestro equipo est\u00e1 formado por profesionales apasionados con a\u00f1os de experiencia en ciencias del comportamiento, terapia y apoyo a la neurodiversidad. Cada miembro es cuidadosamente seleccionado no solo por su cualificaci\u00f3n, sino tambi\u00e9n por su calidez, empat\u00eda y dedicaci\u00f3n para generar un impacto positivo.<br><br>Colaboramos estrechamente con familias, educadores y comunidades para crear un progreso significativo, y lo hacemos con el coraz\u00f3n.<br><br><\/p>\n<\/div>\n\n\n\n<div class=\"wp-block-buttons is-layout-flex wp-block-buttons-is-layout-flex\">\n<div class=\"wp-block-button\"><a class=\"wp-block-button__link wp-element-button\" href=\"https:\/\/dmn.bow.mybluehost.me\/meet-the-team\/\">Con\u00f3zcanos<\/a><\/div>\n<\/div>\n<\/div>\n<\/div>\n\n\n\n<div style=\"height:calc( 0.25 * var(--wp--style--root--padding-right, var(--wp--custom--gap--horizontal)))\" aria-hidden=\"true\" class=\"wp-block-spacer\"><\/div>\n<\/div>","protected":false},"excerpt":{"rendered":"<p>About Colibri Behavioral Therapy We specialize in supporting neurodivergent individuals and their families through compassionate, personalized care. Our goal is simple: to help each person develop meaningful skills, build confidence, and thrive in their daily lives. We focus on evidence-based behavioral strategies that make a real difference\u2014at home, at school, and in the community. Our [&hellip;]<\/p>\n","protected":false},"author":1,"featured_media":0,"parent":0,"menu_order":0,"comment_status":"closed","ping_status":"closed","template":"","meta":{"nf_dc_page":"","om_disable_all_campaigns":false,"_monsterinsights_skip_tracking":false,"_monsterinsights_sitenote_active":false,"_monsterinsights_sitenote_note":"","_monsterinsights_sitenote_category":0,"footnotes":""},"class_list":["post-18","page","type-page","status-publish","hentry"],"yoast_head":"<!-- This site is optimized with the Yoast SEO plugin v27.5 - https:\/\/yoast.com\/product\/yoast-seo-wordpress\/ -->\n<title>About us - Colibri Behavioral Therapy<\/title>\n<meta name=\"robots\" content=\"index, follow, max-snippet:-1, max-image-preview:large, max-video-preview:-1\" \/>\n<link rel=\"canonical\" href=\"https:\/\/colibriaba.com\/es\/about-2\/\" \/>\n<meta property=\"og:locale\" content=\"es_MX\" \/>\n<meta property=\"og:type\" content=\"article\" \/>\n<meta property=\"og:title\" content=\"About us - Colibri Behavioral Therapy\" \/>\n<meta property=\"og:description\" content=\"About Colibri Behavioral Therapy We specialize in supporting neurodivergent individuals and their families through compassionate, personalized care. Our goal is simple: to help each person develop meaningful skills, build confidence, and thrive in their daily lives. We focus on evidence-based behavioral strategies that make a real difference\u2014at home, at school, and in the community. Our [&hellip;]\" \/>\n<meta property=\"og:url\" content=\"https:\/\/colibriaba.com\/es\/about-2\/\" \/>\n<meta property=\"og:site_name\" content=\"Colibri Behavioral Therapy\" \/>\n<meta property=\"article:modified_time\" content=\"2025-07-16T01:46:12+00:00\" \/>\n<meta property=\"og:image\" content=\"https:\/\/dmn.bow.mybluehost.me\/wp-content\/uploads\/2024\/06\/windows-hNiNxhUfCfQ-unsplash.jpg\" \/>\n<meta name=\"twitter:card\" content=\"summary_large_image\" \/>\n<meta name=\"twitter:label1\" content=\"Tiempo de lectura\" \/>\n\t<meta name=\"twitter:data1\" content=\"3 minutos\" \/>\n<script type=\"application\/ld+json\" class=\"yoast-schema-graph\">{\"@context\":\"https:\\\/\\\/schema.org\",\"@graph\":[{\"@type\":\"WebPage\",\"@id\":\"https:\\\/\\\/colibriaba.com\\\/about-2\\\/\",\"url\":\"https:\\\/\\\/colibriaba.com\\\/about-2\\\/\",\"name\":\"About us - Colibri Behavioral Therapy\",\"isPartOf\":{\"@id\":\"https:\\\/\\\/colibriaba.com\\\/#website\"},\"primaryImageOfPage\":{\"@id\":\"https:\\\/\\\/colibriaba.com\\\/about-2\\\/#primaryimage\"},\"image\":{\"@id\":\"https:\\\/\\\/colibriaba.com\\\/about-2\\\/#primaryimage\"},\"thumbnailUrl\":\"https:\\\/\\\/dmn.bow.mybluehost.me\\\/wp-content\\\/uploads\\\/2024\\\/06\\\/windows-hNiNxhUfCfQ-unsplash.jpg\",\"datePublished\":\"2024-06-25T04:55:27+00:00\",\"dateModified\":\"2025-07-16T01:46:12+00:00\",\"breadcrumb\":{\"@id\":\"https:\\\/\\\/colibriaba.com\\\/about-2\\\/#breadcrumb\"},\"inLanguage\":\"es\",\"potentialAction\":[{\"@type\":\"ReadAction\",\"target\":[\"https:\\\/\\\/colibriaba.com\\\/about-2\\\/\"]}]},{\"@type\":\"ImageObject\",\"inLanguage\":\"es\",\"@id\":\"https:\\\/\\\/colibriaba.com\\\/about-2\\\/#primaryimage\",\"url\":\"https:\\\/\\\/dmn.bow.mybluehost.me\\\/wp-content\\\/uploads\\\/2024\\\/06\\\/windows-hNiNxhUfCfQ-unsplash.jpg\",\"contentUrl\":\"https:\\\/\\\/dmn.bow.mybluehost.me\\\/wp-content\\\/uploads\\\/2024\\\/06\\\/windows-hNiNxhUfCfQ-unsplash.jpg\"},{\"@type\":\"BreadcrumbList\",\"@id\":\"https:\\\/\\\/colibriaba.com\\\/about-2\\\/#breadcrumb\",\"itemListElement\":[{\"@type\":\"ListItem\",\"position\":1,\"name\":\"Home\",\"item\":\"https:\\\/\\\/colibriaba.com\\\/\"},{\"@type\":\"ListItem\",\"position\":2,\"name\":\"About us\"}]},{\"@type\":\"WebSite\",\"@id\":\"https:\\\/\\\/colibriaba.com\\\/#website\",\"url\":\"https:\\\/\\\/colibriaba.com\\\/\",\"name\":\"Colibri Behavioral Therapy\",\"description\":\"Empowering individuals through AI-driven behavior management and skill development\",\"publisher\":{\"@id\":\"https:\\\/\\\/colibriaba.com\\\/#organization\"},\"potentialAction\":[{\"@type\":\"SearchAction\",\"target\":{\"@type\":\"EntryPoint\",\"urlTemplate\":\"https:\\\/\\\/colibriaba.com\\\/?s={search_term_string}\"},\"query-input\":{\"@type\":\"PropertyValueSpecification\",\"valueRequired\":true,\"valueName\":\"search_term_string\"}}],\"inLanguage\":\"es\"},{\"@type\":\"Organization\",\"@id\":\"https:\\\/\\\/colibriaba.com\\\/#organization\",\"name\":\"Colibri Behavioral Therapy\",\"url\":\"https:\\\/\\\/colibriaba.com\\\/\",\"logo\":{\"@type\":\"ImageObject\",\"inLanguage\":\"es\",\"@id\":\"https:\\\/\\\/colibriaba.com\\\/#\\\/schema\\\/logo\\\/image\\\/\",\"url\":\"https:\\\/\\\/i0.wp.com\\\/colibriaba.com\\\/wp-content\\\/uploads\\\/2024\\\/06\\\/ChatGPT-Image-16-jul-2025-10_59_25.png?fit=1024%2C1024&ssl=1\",\"contentUrl\":\"https:\\\/\\\/i0.wp.com\\\/colibriaba.com\\\/wp-content\\\/uploads\\\/2024\\\/06\\\/ChatGPT-Image-16-jul-2025-10_59_25.png?fit=1024%2C1024&ssl=1\",\"width\":1024,\"height\":1024,\"caption\":\"Colibri Behavioral Therapy\"},\"image\":{\"@id\":\"https:\\\/\\\/colibriaba.com\\\/#\\\/schema\\\/logo\\\/image\\\/\"}}]}<\/script>\n<!-- \/ Yoast SEO plugin. -->","yoast_head_json":{"title":"About us - Colibri Behavioral Therapy","robots":{"index":"index","follow":"follow","max-snippet":"max-snippet:-1","max-image-preview":"max-image-preview:large","max-video-preview":"max-video-preview:-1"},"canonical":"https:\/\/colibriaba.com\/es\/about-2\/","og_locale":"es_MX","og_type":"article","og_title":"About us - Colibri Behavioral Therapy","og_description":"About Colibri Behavioral Therapy We specialize in supporting neurodivergent individuals and their families through compassionate, personalized care. Our goal is simple: to help each person develop meaningful skills, build confidence, and thrive in their daily lives. We focus on evidence-based behavioral strategies that make a real difference\u2014at home, at school, and in the community. Our [&hellip;]","og_url":"https:\/\/colibriaba.com\/es\/about-2\/","og_site_name":"Colibri Behavioral Therapy","article_modified_time":"2025-07-16T01:46:12+00:00","og_image":[{"url":"https:\/\/dmn.bow.mybluehost.me\/wp-content\/uploads\/2024\/06\/windows-hNiNxhUfCfQ-unsplash.jpg","type":"","width":"","height":""}],"twitter_card":"summary_large_image","twitter_misc":{"Tiempo de lectura":"3 minutos"},"schema":{"@context":"https:\/\/schema.org","@graph":[{"@type":"WebPage","@id":"https:\/\/colibriaba.com\/about-2\/","url":"https:\/\/colibriaba.com\/about-2\/","name":"About us - Colibri Behavioral Therapy","isPartOf":{"@id":"https:\/\/colibriaba.com\/#website"},"primaryImageOfPage":{"@id":"https:\/\/colibriaba.com\/about-2\/#primaryimage"},"image":{"@id":"https:\/\/colibriaba.com\/about-2\/#primaryimage"},"thumbnailUrl":"https:\/\/dmn.bow.mybluehost.me\/wp-content\/uploads\/2024\/06\/windows-hNiNxhUfCfQ-unsplash.jpg","datePublished":"2024-06-25T04:55:27+00:00","dateModified":"2025-07-16T01:46:12+00:00","breadcrumb":{"@id":"https:\/\/colibriaba.com\/about-2\/#breadcrumb"},"inLanguage":"es","potentialAction":[{"@type":"ReadAction","target":["https:\/\/colibriaba.com\/about-2\/"]}]},{"@type":"ImageObject","inLanguage":"es","@id":"https:\/\/colibriaba.com\/about-2\/#primaryimage","url":"https:\/\/dmn.bow.mybluehost.me\/wp-content\/uploads\/2024\/06\/windows-hNiNxhUfCfQ-unsplash.jpg","contentUrl":"https:\/\/dmn.bow.mybluehost.me\/wp-content\/uploads\/2024\/06\/windows-hNiNxhUfCfQ-unsplash.jpg"},{"@type":"BreadcrumbList","@id":"https:\/\/colibriaba.com\/about-2\/#breadcrumb","itemListElement":[{"@type":"ListItem","position":1,"name":"Home","item":"https:\/\/colibriaba.com\/"},{"@type":"ListItem","position":2,"name":"About us"}]},{"@type":"WebSite","@id":"https:\/\/colibriaba.com\/#website","url":"https:\/\/colibriaba.com\/","name":"Colibri Behavioral Therapy","description":"Empowering individuals through AI-driven behavior management and skill development","publisher":{"@id":"https:\/\/colibriaba.com\/#organization"},"potentialAction":[{"@type":"SearchAction","target":{"@type":"EntryPoint","urlTemplate":"https:\/\/colibriaba.com\/?s={search_term_string}"},"query-input":{"@type":"PropertyValueSpecification","valueRequired":true,"valueName":"search_term_string"}}],"inLanguage":"es"},{"@type":"Organization","@id":"https:\/\/colibriaba.com\/#organization","name":"Colibri Behavioral Therapy","url":"https:\/\/colibriaba.com\/","logo":{"@type":"ImageObject","inLanguage":"es","@id":"https:\/\/colibriaba.com\/#\/schema\/logo\/image\/","url":"https:\/\/i0.wp.com\/colibriaba.com\/wp-content\/uploads\/2024\/06\/ChatGPT-Image-16-jul-2025-10_59_25.png?fit=1024%2C1024&ssl=1","contentUrl":"https:\/\/i0.wp.com\/colibriaba.com\/wp-content\/uploads\/2024\/06\/ChatGPT-Image-16-jul-2025-10_59_25.png?fit=1024%2C1024&ssl=1","width":1024,"height":1024,"caption":"Colibri Behavioral Therapy"},"image":{"@id":"https:\/\/colibriaba.com\/#\/schema\/logo\/image\/"}}]}},"jetpack_sharing_enabled":true,"_links":{"self":[{"href":"https:\/\/colibriaba.com\/es\/wp-json\/wp\/v2\/pages\/18","targetHints":{"allow":["GET"]}}],"collection":[{"href":"https:\/\/colibriaba.com\/es\/wp-json\/wp\/v2\/pages"}],"about":[{"href":"https:\/\/colibriaba.com\/es\/wp-json\/wp\/v2\/types\/page"}],"author":[{"embeddable":true,"href":"https:\/\/colibriaba.com\/es\/wp-json\/wp\/v2\/users\/1"}],"replies":[{"embeddable":true,"href":"https:\/\/colibriaba.com\/es\/wp-json\/wp\/v2\/comments?post=18"}],"version-history":[{"count":16,"href":"https:\/\/colibriaba.com\/es\/wp-json\/wp\/v2\/pages\/18\/revisions"}],"predecessor-version":[{"id":367,"href":"https:\/\/colibriaba.com\/es\/wp-json\/wp\/v2\/pages\/18\/revisions\/367"}],"wp:attachment":[{"href":"https:\/\/colibriaba.com\/es\/wp-json\/wp\/v2\/media?parent=18"}],"curies":[{"name":"wp","href":"https:\/\/api.w.org\/{rel}","templated":true}]}}