{"id":17,"date":"2024-06-25T04:55:27","date_gmt":"2024-06-25T04:55:27","guid":{"rendered":"https:\/\/dmn.bow.mybluehost.me\/home\/"},"modified":"2025-07-16T15:53:32","modified_gmt":"2025-07-16T15:53:32","slug":"home","status":"publish","type":"page","link":"https:\/\/colibriaba.com\/es\/","title":{"rendered":"Home"},"content":{"rendered":"<div class=\"nfd-gap-lg wp-block-group is-vertical is-content-justification-center is-layout-flex wp-container-core-group-is-layout-fa38c63a wp-block-group-is-layout-flex\">\n<p class=\"nfd-text-sm has-text-align-center\" style=\"font-style:normal;font-weight:500;letter-spacing:0.05em;text-transform:uppercase\"><strong>HOME<\/strong><\/p>\n\n\n\n<h2 class=\"wp-block-heading nfd-text-huge nfd-text-primary nfd-text-balance has-text-align-center\"><strong>Colibri Behavioral T<\/strong>herapy<\/h2>\n\n\n\n<p class=\"nfd-text-md nfd-text-balance nfd-text-faded has-text-align-center\">Desde la ra\u00edz hasta las alas, la atenci\u00f3n compasiva tiene un fuerte arraigo cultural. Nos dedicamos a crear un entorno seguro y acogedor donde todas las voces se escuchan y valoran.<\/p>\n<\/div>\n\n\n\n<div id=\"intro\" class=\"nfd-container nfd-p-lg nfd-bg-surface nfd-theme-white is-style-nfd-theme-white wp-block-group is-layout-constrained wp-container-core-group-is-layout-b1ab6e45 wp-block-group-is-layout-constrained\">\n<div class=\"nfd-gap-lg wp-block-columns is-layout-flex wp-container-core-columns-is-layout-28f84493 wp-block-columns-is-layout-flex\">\n<div class=\"wp-block-column is-layout-flow wp-block-column-is-layout-flow\">\n<figure class=\"is-style-yith-wonder-image-creative-2 wp-block-image aligncenter size-large is-resized\"><img data-recalc-dims=\"1\" loading=\"lazy\" decoding=\"async\" width=\"1024\" height=\"736\" src=\"https:\/\/i0.wp.com\/dmn.bow.mybluehost.me\/wp-content\/uploads\/2024\/06\/rivage-TJxotQTUr8o-unsplash-1024x736.jpg?resize=1024%2C736&#038;ssl=1\" alt=\"\" class=\"wp-image-44\" style=\"width:676px;height:auto\" srcset=\"https:\/\/i0.wp.com\/colibriaba.com\/wp-content\/uploads\/2024\/06\/rivage-TJxotQTUr8o-unsplash-scaled.jpg?resize=1024%2C736&amp;ssl=1 1024w, https:\/\/i0.wp.com\/colibriaba.com\/wp-content\/uploads\/2024\/06\/rivage-TJxotQTUr8o-unsplash-scaled.jpg?resize=300%2C216&amp;ssl=1 300w, https:\/\/i0.wp.com\/colibriaba.com\/wp-content\/uploads\/2024\/06\/rivage-TJxotQTUr8o-unsplash-scaled.jpg?resize=768%2C552&amp;ssl=1 768w, https:\/\/i0.wp.com\/colibriaba.com\/wp-content\/uploads\/2024\/06\/rivage-TJxotQTUr8o-unsplash-scaled.jpg?resize=1536%2C1104&amp;ssl=1 1536w, https:\/\/i0.wp.com\/colibriaba.com\/wp-content\/uploads\/2024\/06\/rivage-TJxotQTUr8o-unsplash-scaled.jpg?resize=2048%2C1472&amp;ssl=1 2048w, https:\/\/i0.wp.com\/colibriaba.com\/wp-content\/uploads\/2024\/06\/rivage-TJxotQTUr8o-unsplash-scaled.jpg?resize=600%2C431&amp;ssl=1 600w\" sizes=\"auto, (max-width: 1000px) 100vw, 1000px\" \/><\/figure>\n<\/div>\n<\/div>\n<\/div>\n\n\n\n<div class=\"nfd-my-0 nfd-py-md nfd-container wp-block-group alignwide has-black-color has-white-background-color has-text-color has-background is-layout-flow wp-container-core-group-is-layout-330ce275 wp-block-group-is-layout-flow\" id=\"area-of-practice\">\n<h1 class=\"wp-block-heading has-text-align-center\"><strong>\u00c1reas de Pr\u00e1ctica Cl\u00ednica<\/strong><\/h1>\n\n\n\n<div class=\"nfd-text-base nfd-gap-xl wp-block-columns is-layout-flex wp-container-core-columns-is-layout-28f84493 wp-block-columns-is-layout-flex\">\n<div class=\"wp-block-column is-layout-flow wp-block-column-is-layout-flow\">\n<div class=\"nfd-shadow-xs nfd-p-card-square nfd-rounded nfd-gap-md nfd-bg-surface nfd-theme-white is-style-nfd-theme-white wp-block-group nfd-bg-effect-grid-3 is-vertical is-content-justification-left is-layout-flex wp-container-core-group-is-layout-dd225191 wp-block-group-is-layout-flex\" style=\"border-width:1px\">\n<p class=\"nfd-text-xl nfd-text-primary nfd-text-balance has-text-align-left\" style=\"font-style:normal;font-weight:300;letter-spacing:2px\"><strong>Desarrollo de Habilidades<\/strong><\/p>\n\n\n\n<h3 class=\"nfd-text-md nfd-text-contrast wp-block-heading has-text-align-left\" style=\"font-style:normal;font-weight:500\">Ayudando a las personas a alcanzar su m\u00e1ximo potencial<\/h3>\n\n\n\n<p class=\"nfd-text-balance nfd-text-faded  has-text-align-left\">Apoyamos el desarrollo de habilidades de la vida diaria, la comunicaci\u00f3n y la cognici\u00f3n, adapt\u00e1ndonos a las fortalezas y necesidades \u00fanicas de cada persona. Nuestro objetivo es brindarles a nuestros clientes las herramientas necesarias para prosperar de forma independiente y con confianza.<\/p>\n<\/div>\n<\/div>\n\n\n\n<div class=\"wp-block-column is-layout-flow wp-block-column-is-layout-flow\">\n<div class=\"nfd-shadow-xs nfd-p-card-square nfd-rounded nfd-gap-md nfd-bg-surface nfd-theme-white is-style-nfd-theme-white wp-block-group nfd-bg-effect-grid-3 is-vertical is-content-justification-left is-layout-flex wp-container-core-group-is-layout-dd225191 wp-block-group-is-layout-flex\" style=\"border-width:1px\">\n<p class=\"nfd-text-xl nfd-text-primary nfd-text-balance has-text-align-left\" style=\"font-style:normal;font-weight:300;letter-spacing:2px\"><strong>Gesti\u00f3n del Comportamiento<\/strong><\/p>\n\n\n\n<h3 class=\"nfd-text-md nfd-text-contrast wp-block-heading has-text-align-left\" style=\"font-style:normal;font-weight:500\">Fomentar comportamientos positivos mediante estrategias personalizadas<\/h3>\n\n\n\n<p class=\"nfd-text-balance nfd-text-faded  has-text-align-left\">Utilizamos t\u00e9cnicas basadas en la evidencia para reducir los comportamientos problem\u00e1ticos y fomentar los positivos. Nuestro equipo colabora estrechamente con las familias para crear rutinas consistentes e intervenciones pr\u00e1cticas que favorezcan el \u00e9xito conductual a largo plazo.<\/p>\n<\/div>\n<\/div>\n\n\n\n<div class=\"wp-block-column is-layout-flow wp-block-column-is-layout-flow\">\n<div class=\"nfd-shadow-xs nfd-p-card-square nfd-rounded nfd-gap-md nfd-bg-surface nfd-theme-white is-style-nfd-theme-white wp-block-group nfd-bg-effect-grid-3 is-vertical is-content-justification-left is-layout-flex wp-container-core-group-is-layout-dd225191 wp-block-group-is-layout-flex\" style=\"border-width:1px\">\n<p class=\"nfd-text-xl nfd-text-primary nfd-text-balance has-text-align-left\" style=\"font-style:normal;font-weight:300;letter-spacing:2px\"><strong>Relaciones Sociales<\/strong><\/p>\n\n\n\n<h3 class=\"nfd-text-md nfd-text-contrast wp-block-heading has-text-align-left\" style=\"font-style:normal;font-weight:500\">Construyendo conexiones significativas y confianza social<\/h3>\n\n\n\n<p class=\"nfd-text-balance nfd-text-faded  has-text-align-left\">Ayudamos a las personas a desarrollar las habilidades necesarias para formar y mantener relaciones saludables. Mediante pr\u00e1cticas guiadas y situaciones reales, promovemos la comprensi\u00f3n social, la empat\u00eda y la comunicaci\u00f3n efectiva.<\/p>\n<\/div>\n<\/div>\n<\/div>\n\n\n\n<h1 class=\"wp-block-heading alignwide has-text-align-center\"><br>              Tipos de Servicios<\/h1>\n\n\n\n<p class=\"nfd-text-balance nfd-text-faded has-text-align-center\">Cada familia tiene necesidades \u00fanicas y ofrecemos modelos de servicio flexibles para satisfacer sus necesidades donde se encuentre, ya sea en su hogar, en su comunidad o en ambos.<\/p>\n\n\n\n<div style=\"height:27px\" aria-hidden=\"true\" class=\"wp-block-spacer\"><\/div>\n\n\n\n<div class=\"wp-block-media-text is-stacked-on-mobile is-vertically-aligned-top\"><figure class=\"wp-block-media-text__media\"><img data-recalc-dims=\"1\" decoding=\"async\" src=\"https:\/\/i0.wp.com\/dmn.bow.mybluehost.me\/wp-content\/uploads\/2025\/04\/iStock-1402700285.jpg?ssl=1\" alt=\"\" class=\"wp-image-58 size-full\"\/><\/figure><div class=\"wp-block-media-text__content\">\n<h1 class=\"wp-block-heading\"><strong><strong>Plan de Soporte Completo<\/strong><\/strong><\/h1>\n\n\n\n<p class=\"\">Un programa de atenci\u00f3n integral que combina consultas en el hogar y en la comunidad con sesiones pr\u00e1cticas impartidas por un especialista en intervenci\u00f3n conductual capacitado. Ideal para familias que buscan apoyo conductual integral adaptado a su vida diaria.<\/p>\n<\/div><\/div>\n\n\n\n<div class=\"wp-block-media-text is-stacked-on-mobile is-vertically-aligned-top\"><figure class=\"wp-block-media-text__media\"><img data-recalc-dims=\"1\" decoding=\"async\" src=\"https:\/\/i0.wp.com\/dmn.bow.mybluehost.me\/wp-content\/uploads\/2025\/04\/iStock-1822947653.jpg?ssl=1\" alt=\"\" class=\"wp-image-63 size-full\"\/><\/figure><div class=\"wp-block-media-text__content\">\n<h1 class=\"wp-block-heading\"><strong>Plan de Progreso Guiado<\/strong><\/h1>\n\n\n\n<p class=\"\">Sesiones directas con un BCBA o un Consultor Junior, combinadas con consultas espec\u00edficas. Dise\u00f1adas para quienes necesitan orientaci\u00f3n estructurada y la opini\u00f3n de expertos, con flexibilidad para adaptarse a las necesidades cambiantes de su hijo o cliente.<\/p>\n<\/div><\/div>\n\n\n\n<div class=\"wp-block-media-text is-stacked-on-mobile is-vertically-aligned-top\"><figure class=\"wp-block-media-text__media\"><img data-recalc-dims=\"1\" decoding=\"async\" src=\"https:\/\/i0.wp.com\/dmn.bow.mybluehost.me\/wp-content\/uploads\/2025\/04\/iStock-1496492722.jpg?ssl=1\" alt=\"\" class=\"wp-image-61 size-full\"\/><\/figure><div class=\"wp-block-media-text__content\">\n<h1 class=\"wp-block-heading\">Plan de Consulta<\/h1>\n\n\n\n<p class=\"\">Nuestros expertos ofrecen estrategias y recomendaciones perspicaces a trav\u00e9s de consultas en el hogar y en la comunidad, perfectas para familias u organizaciones que necesitan orientaci\u00f3n pero prefieren implementar las estrategias por s\u00ed mismas.<br><\/p>\n<\/div><\/div>\n<\/div>\n\n\n\n<div id=\"faq\" class=\"nfd-container nfd-p-lg nfd-gap-2xl nfd-bg-surface nfd-theme-light is-style-nfd-theme-light wp-block-group is-layout-constrained wp-block-group-is-layout-constrained\">\n<h2 class=\"wp-block-heading has-text-align-center\">A Qui\u00e9n Ayudamos<\/h2>\n\n\n\n<p class=\"nfd-text-balance nfd-text-faded has-text-align-center\"><br>En Colibri Behavioral Therapy, brindamos apoyo significativo en todos los grupos de edad y entornos, siempre con compasi\u00f3n, respeto y un plan personalizado.<\/p>\n\n\n\n<h2 class=\"wp-block-heading has-text-align-center\"><br><\/h2>\n\n\n\n<div class=\"nfd-gap-2xl wp-block-group is-vertical is-layout-flex wp-container-core-group-is-layout-fe9cc265 wp-block-group-is-layout-flex\">\n<div class=\"nfd-gap-xl nfd-gap-y-2xl wp-block-columns is-layout-flex wp-container-core-columns-is-layout-28f84493 wp-block-columns-is-layout-flex\">\n<div class=\"wp-block-column is-layout-flow wp-block-column-is-layout-flow\">\n<div class=\"nfd-gap-sm wp-block-group is-vertical is-layout-flex wp-container-core-group-is-layout-fe9cc265 wp-block-group-is-layout-flex\">\n<div class=\"nfd-shadow-xs nfd-p-card-square nfd-rounded nfd-gap-md nfd-bg-surface nfd-theme-white is-style-nfd-theme-white wp-block-group nfd-bg-effect-grid-3 is-vertical is-content-justification-left is-layout-flex wp-container-core-group-is-layout-dd225191 wp-block-group-is-layout-flex\" style=\"border-width:1px\">\n<p class=\"nfd-text-xl nfd-text-primary nfd-text-balance has-text-align-left\" style=\"font-style:normal;font-weight:300;letter-spacing:2px\">Ni\u00f1os y adolescentes<\/p>\n\n\n\n<p class=\"nfd-text-balance nfd-text-faded  has-text-align-left\">Ayudamos a los j\u00f3venes a desarrollar la regulaci\u00f3n emocional, la comunicaci\u00f3n y las habilidades sociales a trav\u00e9s de estrategias estructuradas, l\u00fadicas y apropiadas para su edad.<\/p>\n<\/div>\n<\/div>\n<\/div>\n\n\n\n<div class=\"wp-block-column is-layout-flow wp-block-column-is-layout-flow\">\n<div class=\"nfd-shadow-xs nfd-p-card-square nfd-rounded nfd-gap-md nfd-bg-surface nfd-theme-white is-style-nfd-theme-white wp-block-group nfd-bg-effect-grid-3 is-vertical is-content-justification-left is-layout-flex wp-container-core-group-is-layout-dd225191 wp-block-group-is-layout-flex\" style=\"border-width:1px\">\n<div class=\"wp-block-group is-nowrap is-layout-flex wp-container-core-group-is-layout-6c531013 wp-block-group-is-layout-flex\">\n<p class=\"nfd-text-xl nfd-text-primary nfd-text-balance has-text-align-left\" style=\"font-style:normal;font-weight:300;letter-spacing:2px\">Adultos<\/p>\n<\/div>\n\n\n\n<p class=\"nfd-text-balance nfd-text-faded  has-text-align-left\">Ayudamos a los adultos a fortalecer las habilidades de la vida diaria, la independencia y la autodefensa, fomentando la confianza y la autonom\u00eda en entornos personales y profesionales.<\/p>\n<\/div>\n<\/div>\n\n\n\n<div class=\"wp-block-column is-layout-flow wp-block-column-is-layout-flow\">\n<div class=\"nfd-shadow-xs nfd-p-card-square nfd-rounded nfd-gap-md nfd-bg-surface nfd-theme-white is-style-nfd-theme-white wp-block-group nfd-bg-effect-grid-3 is-vertical is-content-justification-left is-layout-flex wp-container-core-group-is-layout-dd225191 wp-block-group-is-layout-flex\" style=\"border-width:1px\">\n<p class=\"nfd-text-xl nfd-text-primary nfd-text-balance has-text-align-left\" style=\"font-style:normal;font-weight:300;letter-spacing:2px\">Familias<\/p>\n\n\n\n<p class=\"nfd-text-balance nfd-text-faded  has-text-align-left\">Trabajamos de la mano con las familias, ofreciendo herramientas, coaching y estrategias que promueven la armon\u00eda en el hogar y el progreso constante de sus seres queridos.<br><\/p>\n<\/div>\n<\/div>\n<\/div>\n<\/div>\n\n\n\n<div style=\"height:40px\" aria-hidden=\"true\" class=\"wp-block-spacer\"><\/div>\n\n\n\n<div class=\"nfd-container wp-block-group is-layout-constrained wp-container-core-group-is-layout-f36bc466 wp-block-group-is-layout-constrained\">\n<div class=\"nfd-p-card-md nfd-rounded nfd-gap-xl nfd-shadow-xs nfd-bg-surface nfd-theme-white is-style-nfd-theme-white wp-block-group is-content-justification-space-between is-layout-flex wp-container-core-group-is-layout-9366075c wp-block-group-is-layout-flex\">\n<div class=\"nfd-gap-md wp-block-group is-layout-flex wp-block-group-is-layout-flex\">\n<figure class=\"is-style-yith-wonder-image-with-shadow wp-block-image size-full\"><img data-recalc-dims=\"1\" loading=\"lazy\" decoding=\"async\" width=\"211\" height=\"288\" src=\"https:\/\/i0.wp.com\/dmn.bow.mybluehost.me\/wp-content\/uploads\/2024\/06\/Colibri-Logo.png?resize=211%2C288&#038;ssl=1\" alt=\"\" class=\"wp-image-5\" style=\"object-fit:cover\"\/><\/figure>\n\n\n\n<div class=\"nfd-gap-0 wp-block-group is-vertical is-layout-flex wp-container-core-group-is-layout-fe9cc265 wp-block-group-is-layout-flex\">\n<p class=\"nfd-text-md\" style=\"font-style:normal;font-weight:600\">\u00bfNecesita m\u00e1s ayuda?<\/p>\n\n\n\n<p class=\"nfd-text-base nfd-text-faded\">\u00bfNecesitas ayuda para encontrar las respuestas que necesitas? \u00a1Hablemos!<\/p>\n<\/div>\n<\/div>\n\n\n\n<div class=\"wp-block-buttons is-layout-flex wp-block-buttons-is-layout-flex\">\n<div class=\"nfd-btn-wide  wp-block-button\"><a class=\"wp-block-button__link wp-element-button\" href=\"https:\/\/forms.gle\/jRt2ti8xEMADYmvi9\"><mark style=\"background-color:#1B5377\" class=\"has-inline-color has-base-color\">Cont\u00e1ctanos<\/mark><\/a><\/div>\n<\/div>\n<\/div>\n<\/div>\n\n\n\n<p class=\"\"><\/p>\n<\/div>\n\n\n\n<p class=\"\"><\/p>","protected":false},"excerpt":{"rendered":"<p>HOME Colibri Behavioral Therapy From roots to wings compassionate care culturally strong. We are dedicated to creating a safe, welcoming environment where all voices are heard and valued. Clinical Practice Areas Skill Development Helping individuals reach their full potential We support the development of daily living, communication, and cognitive skills tailored to each individual&#8217;s unique [&hellip;]<\/p>\n","protected":false},"author":1,"featured_media":0,"parent":0,"menu_order":0,"comment_status":"closed","ping_status":"closed","template":"no-title","meta":{"nf_dc_page":"home","om_disable_all_campaigns":false,"_monsterinsights_skip_tracking":false,"_monsterinsights_sitenote_active":false,"_monsterinsights_sitenote_note":"","_monsterinsights_sitenote_category":0,"footnotes":""},"class_list":["post-17","page","type-page","status-publish","hentry"],"yoast_head":"<!-- This site is optimized with the Yoast SEO plugin v27.4 - https:\/\/yoast.com\/product\/yoast-seo-wordpress\/ -->\n<title>Home - Colibri Behavioral Therapy<\/title>\n<meta name=\"robots\" content=\"index, follow, max-snippet:-1, max-image-preview:large, max-video-preview:-1\" \/>\n<link rel=\"canonical\" href=\"https:\/\/colibriaba.com\/es\/\" \/>\n<meta property=\"og:locale\" content=\"es_MX\" \/>\n<meta property=\"og:type\" content=\"article\" \/>\n<meta property=\"og:title\" content=\"Home - Colibri Behavioral Therapy\" \/>\n<meta property=\"og:description\" content=\"HOME Colibri Behavioral Therapy From roots to wings compassionate care culturally strong. We are dedicated to creating a safe, welcoming environment where all voices are heard and valued. Clinical Practice Areas Skill Development Helping individuals reach their full potential We support the development of daily living, communication, and cognitive skills tailored to each individual&#8217;s unique [&hellip;]\" \/>\n<meta property=\"og:url\" content=\"https:\/\/colibriaba.com\/es\/\" \/>\n<meta property=\"og:site_name\" content=\"Colibri Behavioral Therapy\" \/>\n<meta property=\"article:modified_time\" content=\"2025-07-16T15:53:32+00:00\" \/>\n<meta property=\"og:image\" content=\"https:\/\/dmn.bow.mybluehost.me\/wp-content\/uploads\/2024\/06\/rivage-TJxotQTUr8o-unsplash-1024x736.jpg\" \/>\n<meta name=\"twitter:card\" content=\"summary_large_image\" \/>\n<meta name=\"twitter:label1\" content=\"Tiempo de lectura\" \/>\n\t<meta name=\"twitter:data1\" content=\"1 minuto\" \/>\n<script type=\"application\/ld+json\" class=\"yoast-schema-graph\">{\"@context\":\"https:\\\/\\\/schema.org\",\"@graph\":[{\"@type\":\"WebPage\",\"@id\":\"https:\\\/\\\/colibriaba.com\\\/\",\"url\":\"https:\\\/\\\/colibriaba.com\\\/\",\"name\":\"Home - Colibri Behavioral Therapy\",\"isPartOf\":{\"@id\":\"https:\\\/\\\/colibriaba.com\\\/#website\"},\"primaryImageOfPage\":{\"@id\":\"https:\\\/\\\/colibriaba.com\\\/#primaryimage\"},\"image\":{\"@id\":\"https:\\\/\\\/colibriaba.com\\\/#primaryimage\"},\"thumbnailUrl\":\"https:\\\/\\\/dmn.bow.mybluehost.me\\\/wp-content\\\/uploads\\\/2024\\\/06\\\/rivage-TJxotQTUr8o-unsplash-1024x736.jpg\",\"datePublished\":\"2024-06-25T04:55:27+00:00\",\"dateModified\":\"2025-07-16T15:53:32+00:00\",\"breadcrumb\":{\"@id\":\"https:\\\/\\\/colibriaba.com\\\/#breadcrumb\"},\"inLanguage\":\"es\",\"potentialAction\":[{\"@type\":\"ReadAction\",\"target\":[\"https:\\\/\\\/colibriaba.com\\\/\"]}]},{\"@type\":\"ImageObject\",\"inLanguage\":\"es\",\"@id\":\"https:\\\/\\\/colibriaba.com\\\/#primaryimage\",\"url\":\"https:\\\/\\\/dmn.bow.mybluehost.me\\\/wp-content\\\/uploads\\\/2024\\\/06\\\/rivage-TJxotQTUr8o-unsplash-1024x736.jpg\",\"contentUrl\":\"https:\\\/\\\/dmn.bow.mybluehost.me\\\/wp-content\\\/uploads\\\/2024\\\/06\\\/rivage-TJxotQTUr8o-unsplash-1024x736.jpg\"},{\"@type\":\"BreadcrumbList\",\"@id\":\"https:\\\/\\\/colibriaba.com\\\/#breadcrumb\",\"itemListElement\":[{\"@type\":\"ListItem\",\"position\":1,\"name\":\"Home\",\"item\":\"https:\\\/\\\/colibriaba.com\\\/\"},{\"@type\":\"ListItem\",\"position\":2,\"name\":\"Home\"}]},{\"@type\":\"WebSite\",\"@id\":\"https:\\\/\\\/colibriaba.com\\\/#website\",\"url\":\"https:\\\/\\\/colibriaba.com\\\/\",\"name\":\"Colibri Behavioral Therapy\",\"description\":\"Empowering individuals through AI-driven behavior management and skill development\",\"publisher\":{\"@id\":\"https:\\\/\\\/colibriaba.com\\\/#organization\"},\"potentialAction\":[{\"@type\":\"SearchAction\",\"target\":{\"@type\":\"EntryPoint\",\"urlTemplate\":\"https:\\\/\\\/colibriaba.com\\\/?s={search_term_string}\"},\"query-input\":{\"@type\":\"PropertyValueSpecification\",\"valueRequired\":true,\"valueName\":\"search_term_string\"}}],\"inLanguage\":\"es\"},{\"@type\":\"Organization\",\"@id\":\"https:\\\/\\\/colibriaba.com\\\/#organization\",\"name\":\"Colibri Behavioral Therapy\",\"url\":\"https:\\\/\\\/colibriaba.com\\\/\",\"logo\":{\"@type\":\"ImageObject\",\"inLanguage\":\"es\",\"@id\":\"https:\\\/\\\/colibriaba.com\\\/#\\\/schema\\\/logo\\\/image\\\/\",\"url\":\"https:\\\/\\\/i0.wp.com\\\/colibriaba.com\\\/wp-content\\\/uploads\\\/2024\\\/06\\\/ChatGPT-Image-16-jul-2025-10_59_25.png?fit=1024%2C1024&ssl=1\",\"contentUrl\":\"https:\\\/\\\/i0.wp.com\\\/colibriaba.com\\\/wp-content\\\/uploads\\\/2024\\\/06\\\/ChatGPT-Image-16-jul-2025-10_59_25.png?fit=1024%2C1024&ssl=1\",\"width\":1024,\"height\":1024,\"caption\":\"Colibri Behavioral Therapy\"},\"image\":{\"@id\":\"https:\\\/\\\/colibriaba.com\\\/#\\\/schema\\\/logo\\\/image\\\/\"}}]}<\/script>\n<!-- \/ Yoast SEO plugin. -->","yoast_head_json":{"title":"Home - Colibri Behavioral Therapy","robots":{"index":"index","follow":"follow","max-snippet":"max-snippet:-1","max-image-preview":"max-image-preview:large","max-video-preview":"max-video-preview:-1"},"canonical":"https:\/\/colibriaba.com\/es\/","og_locale":"es_MX","og_type":"article","og_title":"Home - Colibri Behavioral Therapy","og_description":"HOME Colibri Behavioral Therapy From roots to wings compassionate care culturally strong. We are dedicated to creating a safe, welcoming environment where all voices are heard and valued. Clinical Practice Areas Skill Development Helping individuals reach their full potential We support the development of daily living, communication, and cognitive skills tailored to each individual&#8217;s unique [&hellip;]","og_url":"https:\/\/colibriaba.com\/es\/","og_site_name":"Colibri Behavioral Therapy","article_modified_time":"2025-07-16T15:53:32+00:00","og_image":[{"url":"https:\/\/dmn.bow.mybluehost.me\/wp-content\/uploads\/2024\/06\/rivage-TJxotQTUr8o-unsplash-1024x736.jpg","type":"","width":"","height":""}],"twitter_card":"summary_large_image","twitter_misc":{"Tiempo de lectura":"1 minuto"},"schema":{"@context":"https:\/\/schema.org","@graph":[{"@type":"WebPage","@id":"https:\/\/colibriaba.com\/","url":"https:\/\/colibriaba.com\/","name":"Home - Colibri Behavioral Therapy","isPartOf":{"@id":"https:\/\/colibriaba.com\/#website"},"primaryImageOfPage":{"@id":"https:\/\/colibriaba.com\/#primaryimage"},"image":{"@id":"https:\/\/colibriaba.com\/#primaryimage"},"thumbnailUrl":"https:\/\/dmn.bow.mybluehost.me\/wp-content\/uploads\/2024\/06\/rivage-TJxotQTUr8o-unsplash-1024x736.jpg","datePublished":"2024-06-25T04:55:27+00:00","dateModified":"2025-07-16T15:53:32+00:00","breadcrumb":{"@id":"https:\/\/colibriaba.com\/#breadcrumb"},"inLanguage":"es","potentialAction":[{"@type":"ReadAction","target":["https:\/\/colibriaba.com\/"]}]},{"@type":"ImageObject","inLanguage":"es","@id":"https:\/\/colibriaba.com\/#primaryimage","url":"https:\/\/dmn.bow.mybluehost.me\/wp-content\/uploads\/2024\/06\/rivage-TJxotQTUr8o-unsplash-1024x736.jpg","contentUrl":"https:\/\/dmn.bow.mybluehost.me\/wp-content\/uploads\/2024\/06\/rivage-TJxotQTUr8o-unsplash-1024x736.jpg"},{"@type":"BreadcrumbList","@id":"https:\/\/colibriaba.com\/#breadcrumb","itemListElement":[{"@type":"ListItem","position":1,"name":"Home","item":"https:\/\/colibriaba.com\/"},{"@type":"ListItem","position":2,"name":"Home"}]},{"@type":"WebSite","@id":"https:\/\/colibriaba.com\/#website","url":"https:\/\/colibriaba.com\/","name":"Colibri Behavioral Therapy","description":"Empowering individuals through AI-driven behavior management and skill development","publisher":{"@id":"https:\/\/colibriaba.com\/#organization"},"potentialAction":[{"@type":"SearchAction","target":{"@type":"EntryPoint","urlTemplate":"https:\/\/colibriaba.com\/?s={search_term_string}"},"query-input":{"@type":"PropertyValueSpecification","valueRequired":true,"valueName":"search_term_string"}}],"inLanguage":"es"},{"@type":"Organization","@id":"https:\/\/colibriaba.com\/#organization","name":"Colibri Behavioral Therapy","url":"https:\/\/colibriaba.com\/","logo":{"@type":"ImageObject","inLanguage":"es","@id":"https:\/\/colibriaba.com\/#\/schema\/logo\/image\/","url":"https:\/\/i0.wp.com\/colibriaba.com\/wp-content\/uploads\/2024\/06\/ChatGPT-Image-16-jul-2025-10_59_25.png?fit=1024%2C1024&ssl=1","contentUrl":"https:\/\/i0.wp.com\/colibriaba.com\/wp-content\/uploads\/2024\/06\/ChatGPT-Image-16-jul-2025-10_59_25.png?fit=1024%2C1024&ssl=1","width":1024,"height":1024,"caption":"Colibri Behavioral Therapy"},"image":{"@id":"https:\/\/colibriaba.com\/#\/schema\/logo\/image\/"}}]}},"jetpack_sharing_enabled":true,"_links":{"self":[{"href":"https:\/\/colibriaba.com\/es\/wp-json\/wp\/v2\/pages\/17","targetHints":{"allow":["GET"]}}],"collection":[{"href":"https:\/\/colibriaba.com\/es\/wp-json\/wp\/v2\/pages"}],"about":[{"href":"https:\/\/colibriaba.com\/es\/wp-json\/wp\/v2\/types\/page"}],"author":[{"embeddable":true,"href":"https:\/\/colibriaba.com\/es\/wp-json\/wp\/v2\/users\/1"}],"replies":[{"embeddable":true,"href":"https:\/\/colibriaba.com\/es\/wp-json\/wp\/v2\/comments?post=17"}],"version-history":[{"count":20,"href":"https:\/\/colibriaba.com\/es\/wp-json\/wp\/v2\/pages\/17\/revisions"}],"predecessor-version":[{"id":269,"href":"https:\/\/colibriaba.com\/es\/wp-json\/wp\/v2\/pages\/17\/revisions\/269"}],"wp:attachment":[{"href":"https:\/\/colibriaba.com\/es\/wp-json\/wp\/v2\/media?parent=17"}],"curies":[{"name":"wp","href":"https:\/\/api.w.org\/{rel}","templated":true}]}}