{"id":13,"date":"2024-06-25T04:51:08","date_gmt":"2024-06-25T04:51:08","guid":{"rendered":"https:\/\/dmn.bow.mybluehost.me\/services\/"},"modified":"2025-05-19T23:06:44","modified_gmt":"2025-05-19T23:06:44","slug":"services","status":"publish","type":"page","link":"https:\/\/colibriaba.com\/es\/services\/","title":{"rendered":"Servicios"},"content":{"rendered":"<div style=\"height:50px\" aria-hidden=\"true\" class=\"wp-block-spacer\"><\/div>\n\n\n\n<div class=\"nfd-container nfd-p-md nfd-theme-white nfd-bg-surface nfd-wb-headings__heading-4 is-style-nfd-theme-white wp-block-group is-layout-constrained wp-container-core-group-is-layout-6141fbbf wp-block-group-is-layout-constrained\">\n<div class=\"nfd-gap-lg wp-block-group is-vertical is-content-justification-center is-layout-flex wp-container-core-group-is-layout-fa38c63a wp-block-group-is-layout-flex\">\n<p class=\"nfd-text-sm has-text-align-center\" style=\"font-style:normal;font-weight:500;letter-spacing:0.05em;text-transform:uppercase\"><strong>Nuestros Servicios<\/strong><\/p>\n\n\n\n<h2 class=\"wp-block-heading nfd-text-huge nfd-text-primary nfd-text-balance has-text-align-center\">Empoderamiento de personas neurodivergentes mediante apoyo conductual personalizado<\/h2>\n\n\n\n<p class=\"nfd-text-md nfd-text-balance nfd-text-faded has-text-align-center\">Servicios basados en evidencia prestados en el hogar y en la comunidad en todo el \u00e1rea metropolitana de Vancouver.<\/p>\n<\/div>\n\n\n\n<div style=\"height:50px\" aria-hidden=\"true\" class=\"wp-block-spacer\"><\/div>\n<\/div>\n\n\n\n<div class=\"wp-block-group alignfull is-layout-flow wp-container-core-group-is-layout-d6743c7d wp-block-group-is-layout-flow\">\n<div class=\"has-header-foreground-color has-header-background-background-color has-text-color has-background wp-block-group alignfull is-layout-constrained wp-container-core-group-is-layout-89ae1b9e wp-block-group-is-layout-constrained\" style=\"padding-top:0px;padding-bottom:0px\">\n<div style=\"height:50px\" aria-hidden=\"true\" class=\"wp-block-spacer\"><\/div>\n\n\n\n<div class=\"wp-block-columns is-layout-flex wp-container-core-columns-is-layout-d9fa6a0d wp-block-columns-is-layout-flex\">\n<div class=\"wp-block-column is-vertically-aligned-center is-layout-flow wp-block-column-is-layout-flow\" style=\"flex-basis:40%\">\n<h2 class=\"wp-block-heading has-header-titles-color has-text-color has-huge-font-size\" style=\"font-style:normal;font-weight:600\">Tipos de Servicios<\/h2>\n\n\n\n<p style=\"font-style:normal;font-weight:500\" class=\"\">Apoyo flexible adaptado a las necesidades de tu familia.<\/p>\n\n\n\n<div style=\"height:20px\" aria-hidden=\"true\" class=\"wp-block-spacer\"><\/div>\n\n\n\n<div class=\"wp-block-buttons is-layout-flex wp-block-buttons-is-layout-flex\">\n<div class=\"wp-block-button\"><a class=\"wp-block-button__link has-normal-font-size has-custom-font-size wp-element-button\" href=\"https:\/\/forms.gle\/jRt2ti8xEMADYmvi9\" style=\"padding-top:var(--wp--preset--spacing--20);padding-right:var(--wp--preset--spacing--50);padding-bottom:var(--wp--preset--spacing--20);padding-left:var(--wp--preset--spacing--50)\"><strong>Solicitar una Consulta<\/strong><\/a><\/div>\n<\/div>\n<\/div>\n\n\n\n<div class=\"wp-block-column is-vertically-aligned-bottom is-layout-flow wp-block-column-is-layout-flow\" style=\"flex-basis:60%\">\n<figure class=\"wp-block-gallery has-nested-images columns-default is-cropped wp-block-gallery-1 is-layout-flex wp-block-gallery-is-layout-flex\">\n<figure class=\"wp-block-image size-large\"><img data-recalc-dims=\"1\" loading=\"lazy\" decoding=\"async\" width=\"1024\" height=\"576\" data-id=\"149\" src=\"https:\/\/i0.wp.com\/dmn.bow.mybluehost.me\/wp-content\/uploads\/2025\/05\/vitaly-gariev-_Lg-v_X5bs8-unsplash-1024x576.jpg?resize=1024%2C576&#038;ssl=1\" alt=\"\" class=\"wp-image-149\" srcset=\"https:\/\/i0.wp.com\/colibriaba.com\/wp-content\/uploads\/2025\/05\/vitaly-gariev-_Lg-v_X5bs8-unsplash-scaled.jpg?resize=1024%2C576&amp;ssl=1 1024w, https:\/\/i0.wp.com\/colibriaba.com\/wp-content\/uploads\/2025\/05\/vitaly-gariev-_Lg-v_X5bs8-unsplash-scaled.jpg?resize=300%2C169&amp;ssl=1 300w, https:\/\/i0.wp.com\/colibriaba.com\/wp-content\/uploads\/2025\/05\/vitaly-gariev-_Lg-v_X5bs8-unsplash-scaled.jpg?resize=768%2C432&amp;ssl=1 768w, https:\/\/i0.wp.com\/colibriaba.com\/wp-content\/uploads\/2025\/05\/vitaly-gariev-_Lg-v_X5bs8-unsplash-scaled.jpg?resize=1536%2C864&amp;ssl=1 1536w, https:\/\/i0.wp.com\/colibriaba.com\/wp-content\/uploads\/2025\/05\/vitaly-gariev-_Lg-v_X5bs8-unsplash-scaled.jpg?w=2000&amp;ssl=1 2000w\" sizes=\"auto, (max-width: 1000px) 100vw, 1000px\" \/><\/figure>\n<\/figure>\n<\/div>\n<\/div>\n<\/div>\n\n\n\n<div class=\"wp-block-columns alignfull is-layout-flex wp-container-core-columns-is-layout-d2ca7aa4 wp-block-columns-is-layout-flex\">\n<div class=\"wp-block-column is-layout-flow wp-block-column-is-layout-flow\">\n<div class=\"wp-block-cover aligncenter is-light\" style=\"min-height:100%;aspect-ratio:unset;\"><img data-recalc-dims=\"1\" decoding=\"async\" class=\"wp-block-cover__image-background wp-image-153 size-full\" alt=\"\" src=\"https:\/\/i0.wp.com\/dmn.bow.mybluehost.me\/wp-content\/uploads\/2025\/05\/volant-yPyS85-J3LY-unsplash.jpg?ssl=1\" data-object-fit=\"cover\"\/><span aria-hidden=\"true\" class=\"wp-block-cover__background has-background-dim-0 has-background-dim\" style=\"background-color:#b4adae\"><\/span><div class=\"wp-block-cover__inner-container is-layout-flow wp-block-cover-is-layout-flow\">\n<p class=\"\"><\/p>\n<\/div><\/div>\n<\/div>\n\n\n\n<div class=\"wp-block-column is-vertically-aligned-center is-layout-constrained wp-container-core-column-is-layout-186d3446 wp-block-column-is-layout-constrained\">\n<div style=\"height:100px\" aria-hidden=\"true\" class=\"wp-block-spacer\"><\/div>\n\n\n\n<h2 class=\"wp-block-heading has-primary-color has-text-color has-large-font-size\"><strong><strong>Plan de Soporte Completo<\/strong><\/strong><\/h2>\n\n\n\n<p style=\"line-height:2\" class=\"\">Consulta en domicilio y en comunidad + Sesiones BI.<\/p>\n\n\n\n<h3 class=\"wp-block-heading\"> Un modelo integral que combina el apoyo directo de un consultor de conducta y un intervencionista de conducta capacitado.<\/h3>\n\n\n\n<div style=\"height:20px\" aria-hidden=\"true\" class=\"wp-block-spacer\"><\/div>\n\n\n\n<div class=\"wp-block-buttons is-layout-flex wp-block-buttons-is-layout-flex\">\n<div class=\"wp-block-button\"><a class=\"wp-block-button__link wp-element-button\" href=\"https:\/\/forms.gle\/jRt2ti8xEMADYmvi9\" style=\"padding-top:var(--wp--preset--spacing--20);padding-right:var(--wp--preset--spacing--40);padding-bottom:var(--wp--preset--spacing--20);padding-left:var(--wp--preset--spacing--40)\">Solicitar una Consulta<\/a><\/div>\n<\/div>\n\n\n\n<div style=\"height:100px\" aria-hidden=\"true\" class=\"wp-block-spacer\"><\/div>\n<\/div>\n<\/div>\n\n\n\n<div class=\"wp-block-columns alignfull is-layout-flex wp-container-core-columns-is-layout-d2ca7aa4 wp-block-columns-is-layout-flex\">\n<div class=\"wp-block-column is-vertically-aligned-center is-layout-constrained wp-container-core-column-is-layout-186d3446 wp-block-column-is-layout-constrained\">\n<div style=\"height:100px\" aria-hidden=\"true\" class=\"wp-block-spacer\"><\/div>\n\n\n\n<h3 class=\"wp-block-heading has-primary-color has-text-color has-large-font-size\"><strong>Plan de Progreso Guiado<\/strong><\/h3>\n\n\n\n<p style=\"line-height:2\" class=\"\">Sesiones directas con BCBA\/Junior BC + Consulta<\/p>\n\n\n\n<h3 class=\"wp-block-heading\">Ideal para familias que prefieren un horario m\u00e1s flexible y al mismo tiempo recibir apoyo profesional directo.<\/h3>\n\n\n\n<div style=\"height:20px\" aria-hidden=\"true\" class=\"wp-block-spacer\"><\/div>\n\n\n\n<div class=\"wp-block-buttons is-layout-flex wp-block-buttons-is-layout-flex\">\n<div class=\"wp-block-button\"><a class=\"wp-block-button__link wp-element-button\" href=\"https:\/\/forms.gle\/jRt2ti8xEMADYmvi9\" style=\"padding-top:var(--wp--preset--spacing--20);padding-right:var(--wp--preset--spacing--40);padding-bottom:var(--wp--preset--spacing--20);padding-left:var(--wp--preset--spacing--40)\">Solicitar una Consulta<\/a><\/div>\n<\/div>\n\n\n\n<div style=\"height:100px\" aria-hidden=\"true\" class=\"wp-block-spacer\"><\/div>\n<\/div>\n\n\n\n<div class=\"wp-block-column is-layout-flow wp-block-column-is-layout-flow\">\n<div class=\"wp-block-cover aligncenter is-light\" style=\"min-height:100%;aspect-ratio:unset;\"><img data-recalc-dims=\"1\" decoding=\"async\" class=\"wp-block-cover__image-background wp-image-59 size-full\" alt=\"\" src=\"https:\/\/i0.wp.com\/dmn.bow.mybluehost.me\/wp-content\/uploads\/2025\/04\/iStock-1405820096.jpg?ssl=1\" data-object-fit=\"cover\"\/><span aria-hidden=\"true\" class=\"wp-block-cover__background has-background-dim-0 has-background-dim\" style=\"background-color:#9d8679\"><\/span><div class=\"wp-block-cover__inner-container is-layout-flow wp-block-cover-is-layout-flow\">\n<p class=\"\"><\/p>\n<\/div><\/div>\n<\/div>\n<\/div>\n<\/div>\n\n\n\n<div class=\"wp-block-group alignfull is-layout-flow wp-container-core-group-is-layout-d6743c7d wp-block-group-is-layout-flow\">\n<div class=\"wp-block-columns alignfull is-layout-flex wp-container-core-columns-is-layout-d2ca7aa4 wp-block-columns-is-layout-flex\">\n<div class=\"wp-block-column is-layout-flow wp-block-column-is-layout-flow\">\n<div class=\"wp-block-cover aligncenter\" style=\"min-height:100%;aspect-ratio:unset;\"><img data-recalc-dims=\"1\" loading=\"lazy\" decoding=\"async\" width=\"2560\" height=\"1716\" class=\"wp-block-cover__image-background wp-image-154 size-full\" alt=\"\" src=\"https:\/\/i0.wp.com\/dmn.bow.mybluehost.me\/wp-content\/uploads\/2025\/05\/zhen-yao-oacUDD9n4Q4-unsplash-scaled.jpg?resize=2560%2C1716&#038;ssl=1\" data-object-fit=\"cover\" srcset=\"https:\/\/i0.wp.com\/colibriaba.com\/wp-content\/uploads\/2025\/05\/zhen-yao-oacUDD9n4Q4-unsplash-scaled.jpg?w=2560&amp;ssl=1 2560w, https:\/\/i0.wp.com\/colibriaba.com\/wp-content\/uploads\/2025\/05\/zhen-yao-oacUDD9n4Q4-unsplash-scaled.jpg?resize=300%2C201&amp;ssl=1 300w, https:\/\/i0.wp.com\/colibriaba.com\/wp-content\/uploads\/2025\/05\/zhen-yao-oacUDD9n4Q4-unsplash-scaled.jpg?resize=1024%2C686&amp;ssl=1 1024w, https:\/\/i0.wp.com\/colibriaba.com\/wp-content\/uploads\/2025\/05\/zhen-yao-oacUDD9n4Q4-unsplash-scaled.jpg?resize=768%2C515&amp;ssl=1 768w, https:\/\/i0.wp.com\/colibriaba.com\/wp-content\/uploads\/2025\/05\/zhen-yao-oacUDD9n4Q4-unsplash-scaled.jpg?w=2000&amp;ssl=1 2000w\" sizes=\"auto, (max-width: 1000px) 100vw, 1000px\" \/><span aria-hidden=\"true\" class=\"wp-block-cover__background has-background-dim-0 has-background-dim\" style=\"background-color:#7b675d\"><\/span><div class=\"wp-block-cover__inner-container is-layout-flow wp-block-cover-is-layout-flow\">\n<p class=\"has-text-align-center has-large-font-size\"><\/p>\n<\/div><\/div>\n<\/div>\n\n\n\n<div class=\"wp-block-column is-vertically-aligned-center is-layout-constrained wp-container-core-column-is-layout-186d3446 wp-block-column-is-layout-constrained\">\n<div style=\"height:100px\" aria-hidden=\"true\" class=\"wp-block-spacer\"><\/div>\n\n\n\n<h3 class=\"wp-block-heading has-primary-color has-text-color has-large-font-size\">Plan de Consulta<\/h3>\n\n\n\n<p style=\"line-height:2\" class=\"\">Consulta en casa y en la comunidad<\/p>\n\n\n\n<h3 class=\"wp-block-heading\">Para familias que buscan orientaci\u00f3n experta, evaluaciones y supervisi\u00f3n continua del programa sin apoyo directo de la sesi\u00f3n.<\/h3>\n\n\n\n<div style=\"height:20px\" aria-hidden=\"true\" class=\"wp-block-spacer\"><\/div>\n\n\n\n<div class=\"wp-block-buttons is-layout-flex wp-block-buttons-is-layout-flex\">\n<div class=\"wp-block-button\"><a class=\"wp-block-button__link wp-element-button\" href=\"https:\/\/forms.gle\/jRt2ti8xEMADYmvi9\" style=\"padding-top:var(--wp--preset--spacing--20);padding-right:var(--wp--preset--spacing--40);padding-bottom:var(--wp--preset--spacing--20);padding-left:var(--wp--preset--spacing--40)\"><strong>Solicitar una Consulta<\/strong><\/a><\/div>\n<\/div>\n\n\n\n<div style=\"height:100px\" aria-hidden=\"true\" class=\"wp-block-spacer\"><\/div>\n<\/div>\n<\/div>\n\n\n\n<div style=\"height:50px\" aria-hidden=\"true\" class=\"wp-block-spacer\"><\/div>\n\n\n\n<div style=\"height:100px\" aria-hidden=\"true\" class=\"wp-block-spacer\"><\/div>\n<\/div>\n\n\n\n<div class=\"wp-block-cover alignfull\" style=\"padding-top:var(--wp--preset--spacing--80);padding-right:var(--wp--preset--spacing--80);padding-bottom:0px;padding-left:var(--wp--preset--spacing--80);min-height:1290px;aspect-ratio:unset;\"><span aria-hidden=\"true\" class=\"wp-block-cover__background has-primary-background-color has-background-dim-80 has-background-dim\"><\/span><div class=\"wp-block-cover__inner-container is-layout-flow wp-block-cover-is-layout-flow\"><h1 class=\"has-text-align-center wp-block-post-title\">Servicios<\/h1>\n\n\n<div class=\"wp-block-group is-layout-constrained wp-block-group-is-layout-constrained\">\n<div class=\"wp-block-media-text alignwide has-media-on-the-right is-stacked-on-mobile\"><div class=\"wp-block-media-text__content\">\n<p class=\"has-huge-font-size\" style=\"font-style:normal;font-weight:700\">Gracias a Colibri, nuestro hijo est\u00e1 prosperando. El equipo es comprensivo, profesional y comprende de verdad nuestras necesidades.<\/p>\n\n\n\n<p class=\"\"> <br>Cliente desde 2010 hasta 2012<\/p>\n<\/div><figure class=\"wp-block-media-text__media\"><img data-recalc-dims=\"1\" loading=\"lazy\" decoding=\"async\" width=\"680\" height=\"1024\" src=\"https:\/\/i0.wp.com\/dmn.bow.mybluehost.me\/wp-content\/uploads\/2025\/05\/senjuti-kundu-JfolIjRnveY-unsplash-1-680x1024.jpg?resize=680%2C1024&#038;ssl=1\" alt=\"\" class=\"wp-image-164 size-full\" srcset=\"https:\/\/i0.wp.com\/colibriaba.com\/wp-content\/uploads\/2025\/05\/senjuti-kundu-JfolIjRnveY-unsplash-1-scaled.jpg?resize=680%2C1024&amp;ssl=1 680w, https:\/\/i0.wp.com\/colibriaba.com\/wp-content\/uploads\/2025\/05\/senjuti-kundu-JfolIjRnveY-unsplash-1-scaled.jpg?resize=199%2C300&amp;ssl=1 199w, https:\/\/i0.wp.com\/colibriaba.com\/wp-content\/uploads\/2025\/05\/senjuti-kundu-JfolIjRnveY-unsplash-1-scaled.jpg?resize=768%2C1156&amp;ssl=1 768w, https:\/\/i0.wp.com\/colibriaba.com\/wp-content\/uploads\/2025\/05\/senjuti-kundu-JfolIjRnveY-unsplash-1-scaled.jpg?resize=1020%2C1536&amp;ssl=1 1020w, https:\/\/i0.wp.com\/colibriaba.com\/wp-content\/uploads\/2025\/05\/senjuti-kundu-JfolIjRnveY-unsplash-1-scaled.jpg?w=1700&amp;ssl=1 1700w\" sizes=\"auto, (max-width: 680px) 100vw, 680px\" \/><\/figure><\/div>\n\n\n\n<div style=\"margin-bottom:-100px\"><\/div>\n<\/div>\n<\/div><\/div>\n\n\n\n<div style=\"height:61px\" aria-hidden=\"true\" class=\"wp-block-spacer\"><\/div>\n\n\n\n<div class=\"nfd-p-card-md nfd-rounded nfd-gap-xl nfd-shadow-xs nfd-bg-surface nfd-theme-white is-style-nfd-theme-white wp-block-group is-content-justification-space-between is-layout-flex wp-container-core-group-is-layout-9366075c wp-block-group-is-layout-flex\">\n<div class=\"nfd-gap-md wp-block-group is-layout-flex wp-block-group-is-layout-flex\">\n<figure class=\"is-style-yith-wonder-image-with-shadow wp-block-image size-full\"><img data-recalc-dims=\"1\" loading=\"lazy\" decoding=\"async\" width=\"211\" height=\"288\" src=\"https:\/\/i0.wp.com\/dmn.bow.mybluehost.me\/wp-content\/uploads\/2024\/06\/Colibri-Logo.png?resize=211%2C288&#038;ssl=1\" alt=\"\" class=\"wp-image-5\" style=\"object-fit:cover\"\/><\/figure>\n\n\n\n<div class=\"nfd-gap-0 wp-block-group is-vertical is-layout-flex wp-container-core-group-is-layout-fe9cc265 wp-block-group-is-layout-flex\">\n<p class=\"nfd-text-md\" style=\"font-style:normal;font-weight:600\">\u00bfNecesita m\u00e1s ayuda?<\/p>\n\n\n\n<p class=\"nfd-text-base nfd-text-faded\">\u00bfNecesitas ayuda para encontrar las respuestas que necesitas? \u00a1Hablemos!<\/p>\n<\/div>\n<\/div>\n\n\n\n<div class=\"wp-block-buttons is-layout-flex wp-block-buttons-is-layout-flex\">\n<div class=\"nfd-btn-wide  wp-block-button\"><a class=\"wp-block-button__link wp-element-button\" href=\"https:\/\/forms.gle\/jRt2ti8xEMADYmvi9\"><mark style=\"background-color:#1B5377\" class=\"has-inline-color has-base-color\">Cont\u00e1ctanos<\/mark><\/a><\/div>\n<\/div>\n<\/div>","protected":false},"excerpt":{"rendered":"<p>Types of Services Flexible support tailored to your family\u2019s needs. Full Support Plan Consultation at home and in the community + BI Sessions. A comprehensive model combining direct support from a Behavior Consultant and a trained Behavior Interventionist. Guided Progress Plan Direct sessions with BCBA\/Junior BC + Consultation Ideal for families who prefer a more [&hellip;]<\/p>\n","protected":false},"author":1,"featured_media":0,"parent":0,"menu_order":0,"comment_status":"closed","ping_status":"closed","template":"no-title","meta":{"nf_dc_page":"services","om_disable_all_campaigns":false,"_monsterinsights_skip_tracking":false,"_monsterinsights_sitenote_active":false,"_monsterinsights_sitenote_note":"","_monsterinsights_sitenote_category":0,"footnotes":""},"class_list":["post-13","page","type-page","status-publish","hentry"],"yoast_head":"<!-- This site is optimized with the Yoast SEO plugin v27.5 - https:\/\/yoast.com\/product\/yoast-seo-wordpress\/ -->\n<title>Services - Colibri Behavioral Therapy<\/title>\n<meta name=\"robots\" content=\"index, follow, max-snippet:-1, max-image-preview:large, max-video-preview:-1\" \/>\n<link rel=\"canonical\" href=\"https:\/\/colibriaba.com\/es\/services\/\" \/>\n<meta property=\"og:locale\" content=\"es_MX\" \/>\n<meta property=\"og:type\" content=\"article\" \/>\n<meta property=\"og:title\" content=\"Services - Colibri Behavioral Therapy\" \/>\n<meta property=\"og:description\" content=\"Types of Services Flexible support tailored to your family\u2019s needs. Full Support Plan Consultation at home and in the community + BI Sessions. A comprehensive model combining direct support from a Behavior Consultant and a trained Behavior Interventionist. Guided Progress Plan Direct sessions with BCBA\/Junior BC + Consultation Ideal for families who prefer a more [&hellip;]\" \/>\n<meta property=\"og:url\" content=\"https:\/\/colibriaba.com\/es\/services\/\" \/>\n<meta property=\"og:site_name\" content=\"Colibri Behavioral Therapy\" \/>\n<meta property=\"article:modified_time\" content=\"2025-05-19T23:06:44+00:00\" \/>\n<meta property=\"og:image\" content=\"https:\/\/dmn.bow.mybluehost.me\/wp-content\/uploads\/2025\/05\/vitaly-gariev-_Lg-v_X5bs8-unsplash-1024x576.jpg\" \/>\n<meta name=\"twitter:card\" content=\"summary_large_image\" \/>\n<meta name=\"twitter:label1\" content=\"Tiempo de lectura\" \/>\n\t<meta name=\"twitter:data1\" content=\"4 minutos\" \/>\n<script type=\"application\/ld+json\" class=\"yoast-schema-graph\">{\"@context\":\"https:\\\/\\\/schema.org\",\"@graph\":[{\"@type\":\"WebPage\",\"@id\":\"https:\\\/\\\/colibriaba.com\\\/services\\\/\",\"url\":\"https:\\\/\\\/colibriaba.com\\\/services\\\/\",\"name\":\"Services - Colibri Behavioral Therapy\",\"isPartOf\":{\"@id\":\"https:\\\/\\\/colibriaba.com\\\/#website\"},\"primaryImageOfPage\":{\"@id\":\"https:\\\/\\\/colibriaba.com\\\/services\\\/#primaryimage\"},\"image\":{\"@id\":\"https:\\\/\\\/colibriaba.com\\\/services\\\/#primaryimage\"},\"thumbnailUrl\":\"https:\\\/\\\/dmn.bow.mybluehost.me\\\/wp-content\\\/uploads\\\/2025\\\/05\\\/vitaly-gariev-_Lg-v_X5bs8-unsplash-1024x576.jpg\",\"datePublished\":\"2024-06-25T04:51:08+00:00\",\"dateModified\":\"2025-05-19T23:06:44+00:00\",\"breadcrumb\":{\"@id\":\"https:\\\/\\\/colibriaba.com\\\/services\\\/#breadcrumb\"},\"inLanguage\":\"es\",\"potentialAction\":[{\"@type\":\"ReadAction\",\"target\":[\"https:\\\/\\\/colibriaba.com\\\/services\\\/\"]}]},{\"@type\":\"ImageObject\",\"inLanguage\":\"es\",\"@id\":\"https:\\\/\\\/colibriaba.com\\\/services\\\/#primaryimage\",\"url\":\"https:\\\/\\\/dmn.bow.mybluehost.me\\\/wp-content\\\/uploads\\\/2025\\\/05\\\/vitaly-gariev-_Lg-v_X5bs8-unsplash-1024x576.jpg\",\"contentUrl\":\"https:\\\/\\\/dmn.bow.mybluehost.me\\\/wp-content\\\/uploads\\\/2025\\\/05\\\/vitaly-gariev-_Lg-v_X5bs8-unsplash-1024x576.jpg\"},{\"@type\":\"BreadcrumbList\",\"@id\":\"https:\\\/\\\/colibriaba.com\\\/services\\\/#breadcrumb\",\"itemListElement\":[{\"@type\":\"ListItem\",\"position\":1,\"name\":\"Home\",\"item\":\"https:\\\/\\\/colibriaba.com\\\/\"},{\"@type\":\"ListItem\",\"position\":2,\"name\":\"Services\"}]},{\"@type\":\"WebSite\",\"@id\":\"https:\\\/\\\/colibriaba.com\\\/#website\",\"url\":\"https:\\\/\\\/colibriaba.com\\\/\",\"name\":\"Colibri Behavioral Therapy\",\"description\":\"Empowering individuals through AI-driven behavior management and skill development\",\"publisher\":{\"@id\":\"https:\\\/\\\/colibriaba.com\\\/#organization\"},\"potentialAction\":[{\"@type\":\"SearchAction\",\"target\":{\"@type\":\"EntryPoint\",\"urlTemplate\":\"https:\\\/\\\/colibriaba.com\\\/?s={search_term_string}\"},\"query-input\":{\"@type\":\"PropertyValueSpecification\",\"valueRequired\":true,\"valueName\":\"search_term_string\"}}],\"inLanguage\":\"es\"},{\"@type\":\"Organization\",\"@id\":\"https:\\\/\\\/colibriaba.com\\\/#organization\",\"name\":\"Colibri Behavioral Therapy\",\"url\":\"https:\\\/\\\/colibriaba.com\\\/\",\"logo\":{\"@type\":\"ImageObject\",\"inLanguage\":\"es\",\"@id\":\"https:\\\/\\\/colibriaba.com\\\/#\\\/schema\\\/logo\\\/image\\\/\",\"url\":\"https:\\\/\\\/i0.wp.com\\\/colibriaba.com\\\/wp-content\\\/uploads\\\/2024\\\/06\\\/ChatGPT-Image-16-jul-2025-10_59_25.png?fit=1024%2C1024&ssl=1\",\"contentUrl\":\"https:\\\/\\\/i0.wp.com\\\/colibriaba.com\\\/wp-content\\\/uploads\\\/2024\\\/06\\\/ChatGPT-Image-16-jul-2025-10_59_25.png?fit=1024%2C1024&ssl=1\",\"width\":1024,\"height\":1024,\"caption\":\"Colibri Behavioral Therapy\"},\"image\":{\"@id\":\"https:\\\/\\\/colibriaba.com\\\/#\\\/schema\\\/logo\\\/image\\\/\"}}]}<\/script>\n<!-- \/ Yoast SEO plugin. -->","yoast_head_json":{"title":"Services - Colibri Behavioral Therapy","robots":{"index":"index","follow":"follow","max-snippet":"max-snippet:-1","max-image-preview":"max-image-preview:large","max-video-preview":"max-video-preview:-1"},"canonical":"https:\/\/colibriaba.com\/es\/services\/","og_locale":"es_MX","og_type":"article","og_title":"Services - Colibri Behavioral Therapy","og_description":"Types of Services Flexible support tailored to your family\u2019s needs. Full Support Plan Consultation at home and in the community + BI Sessions. A comprehensive model combining direct support from a Behavior Consultant and a trained Behavior Interventionist. Guided Progress Plan Direct sessions with BCBA\/Junior BC + Consultation Ideal for families who prefer a more [&hellip;]","og_url":"https:\/\/colibriaba.com\/es\/services\/","og_site_name":"Colibri Behavioral Therapy","article_modified_time":"2025-05-19T23:06:44+00:00","og_image":[{"url":"https:\/\/dmn.bow.mybluehost.me\/wp-content\/uploads\/2025\/05\/vitaly-gariev-_Lg-v_X5bs8-unsplash-1024x576.jpg","type":"","width":"","height":""}],"twitter_card":"summary_large_image","twitter_misc":{"Tiempo de lectura":"4 minutos"},"schema":{"@context":"https:\/\/schema.org","@graph":[{"@type":"WebPage","@id":"https:\/\/colibriaba.com\/services\/","url":"https:\/\/colibriaba.com\/services\/","name":"Services - Colibri Behavioral Therapy","isPartOf":{"@id":"https:\/\/colibriaba.com\/#website"},"primaryImageOfPage":{"@id":"https:\/\/colibriaba.com\/services\/#primaryimage"},"image":{"@id":"https:\/\/colibriaba.com\/services\/#primaryimage"},"thumbnailUrl":"https:\/\/dmn.bow.mybluehost.me\/wp-content\/uploads\/2025\/05\/vitaly-gariev-_Lg-v_X5bs8-unsplash-1024x576.jpg","datePublished":"2024-06-25T04:51:08+00:00","dateModified":"2025-05-19T23:06:44+00:00","breadcrumb":{"@id":"https:\/\/colibriaba.com\/services\/#breadcrumb"},"inLanguage":"es","potentialAction":[{"@type":"ReadAction","target":["https:\/\/colibriaba.com\/services\/"]}]},{"@type":"ImageObject","inLanguage":"es","@id":"https:\/\/colibriaba.com\/services\/#primaryimage","url":"https:\/\/dmn.bow.mybluehost.me\/wp-content\/uploads\/2025\/05\/vitaly-gariev-_Lg-v_X5bs8-unsplash-1024x576.jpg","contentUrl":"https:\/\/dmn.bow.mybluehost.me\/wp-content\/uploads\/2025\/05\/vitaly-gariev-_Lg-v_X5bs8-unsplash-1024x576.jpg"},{"@type":"BreadcrumbList","@id":"https:\/\/colibriaba.com\/services\/#breadcrumb","itemListElement":[{"@type":"ListItem","position":1,"name":"Home","item":"https:\/\/colibriaba.com\/"},{"@type":"ListItem","position":2,"name":"Services"}]},{"@type":"WebSite","@id":"https:\/\/colibriaba.com\/#website","url":"https:\/\/colibriaba.com\/","name":"Colibri Behavioral Therapy","description":"Empowering individuals through AI-driven behavior management and skill development","publisher":{"@id":"https:\/\/colibriaba.com\/#organization"},"potentialAction":[{"@type":"SearchAction","target":{"@type":"EntryPoint","urlTemplate":"https:\/\/colibriaba.com\/?s={search_term_string}"},"query-input":{"@type":"PropertyValueSpecification","valueRequired":true,"valueName":"search_term_string"}}],"inLanguage":"es"},{"@type":"Organization","@id":"https:\/\/colibriaba.com\/#organization","name":"Colibri Behavioral Therapy","url":"https:\/\/colibriaba.com\/","logo":{"@type":"ImageObject","inLanguage":"es","@id":"https:\/\/colibriaba.com\/#\/schema\/logo\/image\/","url":"https:\/\/i0.wp.com\/colibriaba.com\/wp-content\/uploads\/2024\/06\/ChatGPT-Image-16-jul-2025-10_59_25.png?fit=1024%2C1024&ssl=1","contentUrl":"https:\/\/i0.wp.com\/colibriaba.com\/wp-content\/uploads\/2024\/06\/ChatGPT-Image-16-jul-2025-10_59_25.png?fit=1024%2C1024&ssl=1","width":1024,"height":1024,"caption":"Colibri Behavioral Therapy"},"image":{"@id":"https:\/\/colibriaba.com\/#\/schema\/logo\/image\/"}}]}},"jetpack_sharing_enabled":true,"_links":{"self":[{"href":"https:\/\/colibriaba.com\/es\/wp-json\/wp\/v2\/pages\/13","targetHints":{"allow":["GET"]}}],"collection":[{"href":"https:\/\/colibriaba.com\/es\/wp-json\/wp\/v2\/pages"}],"about":[{"href":"https:\/\/colibriaba.com\/es\/wp-json\/wp\/v2\/types\/page"}],"author":[{"embeddable":true,"href":"https:\/\/colibriaba.com\/es\/wp-json\/wp\/v2\/users\/1"}],"replies":[{"embeddable":true,"href":"https:\/\/colibriaba.com\/es\/wp-json\/wp\/v2\/comments?post=13"}],"version-history":[{"count":19,"href":"https:\/\/colibriaba.com\/es\/wp-json\/wp\/v2\/pages\/13\/revisions"}],"predecessor-version":[{"id":356,"href":"https:\/\/colibriaba.com\/es\/wp-json\/wp\/v2\/pages\/13\/revisions\/356"}],"wp:attachment":[{"href":"https:\/\/colibriaba.com\/es\/wp-json\/wp\/v2\/media?parent=13"}],"curies":[{"name":"wp","href":"https:\/\/api.w.org\/{rel}","templated":true}]}}